{"id":292,"date":"2019-05-02T18:42:09","date_gmt":"2019-05-02T15:42:09","guid":{"rendered":"http:\/\/www.sokevolkswagenservis.com\/?page_id=292"},"modified":"2025-07-19T03:50:09","modified_gmt":"2025-07-19T00:50:09","slug":"blog","status":"publish","type":"page","link":"https:\/\/www.sokevolkswagenservis.com\/?page_id=292","title":{"rendered":"Blog"},"content":{"rendered":"\t\t<div data-elementor-type=\"wp-post\" data-elementor-id=\"292\" class=\"elementor elementor-292\">\n\t\t\t\t<div class=\"aux-parallax-section elementor-element elementor-element-ad8836e e-flex e-con-boxed e-con e-parent\" data-id=\"ad8836e\" data-element_type=\"container\">\n\t\t\t\t\t<div class=\"e-con-inner\">\n\t\t<div class=\"elementor-element elementor-element-b22151b e-con-full e-flex e-con e-child\" data-id=\"b22151b\" data-element_type=\"container\">\n\t\t<div class=\"elementor-element elementor-element-01613ac e-con-full e-flex e-con e-child\" data-id=\"01613ac\" data-element_type=\"container\">\n\t\t\t\t<div class=\"elementor-element elementor-element-35c404f aux-appear-watch-animation aux-fade-in-up elementor-widget__width-auto elementor-widget elementor-widget-heading\" data-id=\"35c404f\" data-element_type=\"widget\" data-widget_type=\"heading.default\">\n\t\t\t\t<div class=\"elementor-widget-container\">\n\t\t\t\t\t<h5 class=\"elementor-heading-title elementor-size-default\">BLOG<\/h5>\t\t\t\t<\/div>\n\t\t\t\t<\/div>\n\t\t\t\t<div class=\"elementor-element elementor-element-f038c98 elementor-widget__width-auto elementor-widget elementor-widget-aux_modern_heading\" data-id=\"f038c98\" data-element_type=\"widget\" data-widget_type=\"aux_modern_heading.default\">\n\t\t\t\t<div class=\"elementor-widget-container\">\n\t\t\t\t\t<section class=\"aux-widget-modern-heading\">\n            <div class=\"aux-widget-inner\"><h5 class=\"aux-modern-heading-primary\">Ara\u00e7 Bak\u0131m\u0131yla \u0130lgili Bilmeniz Gereken Her \u015eey<\/h5><\/div>\n        <\/section>\t\t\t\t<\/div>\n\t\t\t\t<\/div>\n\t\t\t\t<\/div>\n\t\t<div class=\"elementor-element elementor-element-4a41eb1 e-con-full e-flex e-con e-child\" data-id=\"4a41eb1\" data-element_type=\"container\">\n\t\t\t\t<div class=\"elementor-element elementor-element-7a6e458 aux-appear-watch-animation aux-fade-in elementor-widget elementor-widget-text-editor\" data-id=\"7a6e458\" data-element_type=\"widget\" data-widget_type=\"text-editor.default\">\n\t\t\t\t<div class=\"elementor-widget-container\">\n\t\t\t\t\t\t\t\t\t<p>Arac\u0131n\u0131zla ilgili do\u011fru bilgiye ula\u015fmak, bak\u0131m s\u00fcrecinizi kolayla\u015ft\u0131r\u0131r ve olas\u0131 sorunlar\u0131n \u00f6n\u00fcne ge\u00e7er. Bu b\u00f6l\u00fcmde, en s\u0131k kar\u015f\u0131la\u015f\u0131lan durumlar i\u00e7in pratik ipu\u00e7lar\u0131, \u00f6neriler ve dikkat edilmesi gereken \u00f6nemli detaylar\u0131 payla\u015f\u0131yoruz. Yola \u00e7\u0131kmadan \u00f6nce g\u00f6z atmay\u0131 unutmay\u0131n.<\/p>\t\t\t\t\t\t\t\t<\/div>\n\t\t\t\t<\/div>\n\t\t\t\t<\/div>\n\t\t\t\t<\/div>\n\t\t<div class=\"elementor-element elementor-element-c3eb38e e-con-full e-flex e-con e-child\" data-id=\"c3eb38e\" data-element_type=\"container\" data-settings=\"{&quot;background_background&quot;:&quot;classic&quot;}\">\n\t\t\t\t<div class=\"elementor-element elementor-element-bc72d7a elementor-hidden-phone elementor-widget__width-initial elementor-absolute elementor-widget elementor-widget-aux_image\" data-id=\"bc72d7a\" data-element_type=\"widget\" data-settings=\"{&quot;_position&quot;:&quot;absolute&quot;}\" data-widget_type=\"aux_image.default\">\n\t\t\t\t<div class=\"elementor-widget-container\">\n\t\t\t\t\t<section class=\"widget-container aux-widget-image aux-alignnone aux-parent-au6bcfecee\">\n    <div class=\"aux-media-hint-frame \">\n        <div class=\"aux-media-image \" >\n        \n            \n\n            \n            <img fetchpriority=\"high\" decoding=\"async\" width=\"1417\" height=\"1417\" src=\"data:image\/gif;base64,R0lGODlhAQABAIAAAAAAAP\/\/\/yH5BAEAAAAALAAAAAABAAEAAAIBRAA7\" class=\"aux-attachment aux-featured-image aux-attachment-id-276 aux-preload aux-blank\" alt=\"demo-attachment-69-circle\" data-ratio=\"1\" data-original-w=\"1418\" sizes=\"auto\" data-srcset=\"https:\/\/www.sokevolkswagenservis.com\/wp-content\/uploads\/2019\/04\/circle-150x150.png 150w,https:\/\/www.sokevolkswagenservis.com\/wp-content\/uploads\/2019\/04\/circle-300x300.png 300w,https:\/\/www.sokevolkswagenservis.com\/wp-content\/uploads\/2019\/04\/circle-768x768.png 768w,https:\/\/www.sokevolkswagenservis.com\/wp-content\/uploads\/2019\/04\/circle-1024x1024.png 1024w,https:\/\/www.sokevolkswagenservis.com\/wp-content\/uploads\/2019\/04\/circle.png 1417w\" data-src=\"https:\/\/www.sokevolkswagenservis.com\/wp-content\/uploads\/2019\/04\/circle.png\" \/>            \n                <\/div>\n    <\/div>\n\n<\/section><!-- widget-container -->\t\t\t\t<\/div>\n\t\t\t\t<\/div>\n\t\t\t\t<div class=\"elementor-element elementor-element-1c8a57d elementor-widget elementor-widget-aux_recent_posts\" data-id=\"1c8a57d\" data-element_type=\"widget\" data-settings=\"{&quot;columns&quot;:&quot;3&quot;,&quot;columns_tablet&quot;:&quot;inherit&quot;,&quot;columns_mobile&quot;:&quot;1&quot;}\" data-widget_type=\"aux_recent_posts.default\">\n\t\t\t\t<div class=\"elementor-widget-container\">\n\t\t\t\t\t<section class=\"widget-container aux-widget-recent-posts aux-parent-au11c7dd97\"><div data-element-id=\"au11c7dd97\" class=\"aux-match-height aux-row aux-de-col3 aux-tb-col3 aux-mb-col1 aux-total-3 aux-ajax-view  \"><div class=\"aux-col post-285\">\n                        <article class=\"post column-entry post-285 type-post status-publish format-standard has-post-thumbnail hentry category-genel category-uncategorized tag-blog\">\n                                                        <div class=\"entry-media\"><div class=\"aux-media-frame aux-media-image aux-image-mask\"><a href=\"https:\/\/www.sokevolkswagenservis.com\/?p=285\"><img decoding=\"async\" src=\"https:\/\/www.sokevolkswagenservis.com\/wp-content\/uploads\/2019\/05\/b1.jpg\" class=\"aux-attachment aux-featured-image attachment-636.66666666667x477.5 aux-attachment-id-365 \" alt=\"b1\" srcset=\"https:\/\/www.sokevolkswagenservis.com\/wp-content\/uploads\/2019\/05\/b1-150x113.jpg 150w,https:\/\/www.sokevolkswagenservis.com\/wp-content\/uploads\/2019\/05\/b1-300x225.jpg 300w,https:\/\/www.sokevolkswagenservis.com\/wp-content\/uploads\/2019\/05\/b1-768x576.jpg 768w,https:\/\/www.sokevolkswagenservis.com\/wp-content\/uploads\/2019\/05\/b1-1024x768.jpg 1024w,https:\/\/www.sokevolkswagenservis.com\/wp-content\/uploads\/2019\/05\/b1.jpg 637w,https:\/\/www.sokevolkswagenservis.com\/wp-content\/uploads\/2019\/05\/b1-1390x1042.jpg 1390w\" data-ratio=\"1.33\" data-original-w=\"1400\" sizes=\"(max-width:479px) 480px,(max-width:767px) 768px,(max-width:1023px) 1024px,637px\" \/><\/a><\/div><\/div>\n                            \n                            <div class=\"entry-main\">\n                                                                                        \n                                <div class=\"entry-info\">\n                                                                    <div class=\"entry-date\">\n                                        <a href=\"https:\/\/www.sokevolkswagenservis.com\/?p=285\">\n                                            <time datetime=\"2025-07-19T03:52:03+03:00\" title=\"2025-07-19T03:52:03+03:00\" >19 Temmuz 2025<\/time>\n                                        <\/a>\n                                    <\/div>\n                                                                                                    <span class=\"entry-meta-sep meta-sep\">by<\/span>\n                                    <span class=\"author vcard\">\n                                        <a href=\"https:\/\/www.sokevolkswagenservis.com\/?author=1\" rel=\"author\" title=\"View all posts by admin\" >\n                                            admin                                        <\/a>\n                                    <\/span>\n                                                                                                                                                                        <\/div>\n                            \n                                <header class=\"entry-header\">\n                                \n                                    <h4 class=\"entry-title\">\n                                        <a href=\"https:\/\/www.sokevolkswagenservis.com\/?p=285\">\n                                            Uzun Yola \u00c7\u0131kmadan \u00d6nce Dikkat Edilmesi Gerekenler                                        <\/a>\n                                    <\/h4>\n                                                                    <div class=\"entry-format\">\n                                        <a href=\"https:\/\/www.sokevolkswagenservis.com\/?p=285\">\n                                            <div class=\"post-format format-\"> <\/div>\n                                        <\/a>\n                                    <\/div>\n                                <\/header>\n                            \n                                                                                        <footer class=\"entry-meta aux-after-content\">\n                                                                        <div class=\"readmore\">\n                                        <a href=\"https:\/\/www.sokevolkswagenservis.com\/?p=285\" class=\"aux-read-more\"><span class=\"aux-read-more-text\">Read More<\/span><\/a>\n                                    <\/div>\n                                                                    <\/footer>\n                            \n                            <\/div>\n\n                        <\/article>\n<\/div><div class=\"aux-col post-287\">\n                        <article class=\"post column-entry post-287 type-post status-publish format-standard has-post-thumbnail hentry category-genel category-uncategorized\">\n                                                        <div class=\"entry-media\"><div class=\"aux-media-frame aux-media-image aux-image-mask\"><a href=\"https:\/\/www.sokevolkswagenservis.com\/?p=287\"><img decoding=\"async\" src=\"https:\/\/www.sokevolkswagenservis.com\/wp-content\/uploads\/2019\/05\/b3.jpg\" class=\"aux-attachment aux-featured-image attachment-636.66666666667x477.5 aux-attachment-id-374 \" alt=\"b3\" srcset=\"https:\/\/www.sokevolkswagenservis.com\/wp-content\/uploads\/2019\/05\/b3-150x113.jpg 150w,https:\/\/www.sokevolkswagenservis.com\/wp-content\/uploads\/2019\/05\/b3-300x225.jpg 300w,https:\/\/www.sokevolkswagenservis.com\/wp-content\/uploads\/2019\/05\/b3-768x576.jpg 768w,https:\/\/www.sokevolkswagenservis.com\/wp-content\/uploads\/2019\/05\/b3-1024x768.jpg 1024w,https:\/\/www.sokevolkswagenservis.com\/wp-content\/uploads\/2019\/05\/b3.jpg 637w,https:\/\/www.sokevolkswagenservis.com\/wp-content\/uploads\/2019\/05\/b3-1390x1042.jpg 1390w\" data-ratio=\"1.33\" data-original-w=\"1400\" sizes=\"(max-width:479px) 480px,(max-width:767px) 768px,(max-width:1023px) 1024px,637px\" \/><\/a><\/div><\/div>\n                            \n                            <div class=\"entry-main\">\n                                                                                        \n                                <div class=\"entry-info\">\n                                                                    <div class=\"entry-date\">\n                                        <a href=\"https:\/\/www.sokevolkswagenservis.com\/?p=287\">\n                                            <time datetime=\"2025-07-19T02:16:52+03:00\" title=\"2025-07-19T02:16:52+03:00\" >19 Temmuz 2025<\/time>\n                                        <\/a>\n                                    <\/div>\n                                                                                                    <span class=\"entry-meta-sep meta-sep\">by<\/span>\n                                    <span class=\"author vcard\">\n                                        <a href=\"https:\/\/www.sokevolkswagenservis.com\/?author=1\" rel=\"author\" title=\"View all posts by admin\" >\n                                            admin                                        <\/a>\n                                    <\/span>\n                                                                                                                                                                        <\/div>\n                            \n                                <header class=\"entry-header\">\n                                \n                                    <h4 class=\"entry-title\">\n                                        <a href=\"https:\/\/www.sokevolkswagenservis.com\/?p=287\">\n                                            G\u00f6sterge Panelindeki I\u015f\u0131klar Ne Anlama Geliyor?                                        <\/a>\n                                    <\/h4>\n                                                                    <div class=\"entry-format\">\n                                        <a href=\"https:\/\/www.sokevolkswagenservis.com\/?p=287\">\n                                            <div class=\"post-format format-\"> <\/div>\n                                        <\/a>\n                                    <\/div>\n                                <\/header>\n                            \n                                                                                        <footer class=\"entry-meta aux-after-content\">\n                                                                        <div class=\"readmore\">\n                                        <a href=\"https:\/\/www.sokevolkswagenservis.com\/?p=287\" class=\"aux-read-more\"><span class=\"aux-read-more-text\">Read More<\/span><\/a>\n                                    <\/div>\n                                                                        <div class=\"comments-iconic\">\n                                                                            <\/div>\n                                                                    <\/footer>\n                            \n                            <\/div>\n\n                        <\/article>\n<\/div><div class=\"aux-col post-286\">\n                        <article class=\"post column-entry post-286 type-post status-publish format-standard has-post-thumbnail hentry category-genel category-uncategorized\">\n                                                        <div class=\"entry-media\"><div class=\"aux-media-frame aux-media-image aux-image-mask\"><a href=\"https:\/\/www.sokevolkswagenservis.com\/?p=286\"><img decoding=\"async\" src=\"https:\/\/www.sokevolkswagenservis.com\/wp-content\/uploads\/2019\/05\/b2.jpg\" class=\"aux-attachment aux-featured-image attachment-636.66666666667x477.5 aux-attachment-id-371 \" alt=\"b2\" srcset=\"https:\/\/www.sokevolkswagenservis.com\/wp-content\/uploads\/2019\/05\/b2-150x113.jpg 150w,https:\/\/www.sokevolkswagenservis.com\/wp-content\/uploads\/2019\/05\/b2-300x225.jpg 300w,https:\/\/www.sokevolkswagenservis.com\/wp-content\/uploads\/2019\/05\/b2-768x576.jpg 768w,https:\/\/www.sokevolkswagenservis.com\/wp-content\/uploads\/2019\/05\/b2-1024x768.jpg 1024w,https:\/\/www.sokevolkswagenservis.com\/wp-content\/uploads\/2019\/05\/b2.jpg 637w,https:\/\/www.sokevolkswagenservis.com\/wp-content\/uploads\/2019\/05\/b2-1390x1042.jpg 1390w\" data-ratio=\"1.33\" data-original-w=\"1400\" sizes=\"(max-width:479px) 480px,(max-width:767px) 768px,(max-width:1023px) 1024px,637px\" \/><\/a><\/div><\/div>\n                            \n                            <div class=\"entry-main\">\n                                                                                        \n                                <div class=\"entry-info\">\n                                                                    <div class=\"entry-date\">\n                                        <a href=\"https:\/\/www.sokevolkswagenservis.com\/?p=286\">\n                                            <time datetime=\"2025-07-19T02:15:13+03:00\" title=\"2025-07-19T02:15:13+03:00\" >19 Temmuz 2025<\/time>\n                                        <\/a>\n                                    <\/div>\n                                                                                                    <span class=\"entry-meta-sep meta-sep\">by<\/span>\n                                    <span class=\"author vcard\">\n                                        <a href=\"https:\/\/www.sokevolkswagenservis.com\/?author=1\" rel=\"author\" title=\"View all posts by admin\" >\n                                            admin                                        <\/a>\n                                    <\/span>\n                                                                                                                                                                        <\/div>\n                            \n                                <header class=\"entry-header\">\n                                \n                                    <h4 class=\"entry-title\">\n                                        <a href=\"https:\/\/www.sokevolkswagenservis.com\/?p=286\">\n                                            K\u0131\u015f Aylar\u0131nda Ara\u00e7 Bak\u0131m\u0131 Nas\u0131l Olmal\u0131?                                        <\/a>\n                                    <\/h4>\n                                                                    <div class=\"entry-format\">\n                                        <a href=\"https:\/\/www.sokevolkswagenservis.com\/?p=286\">\n                                            <div class=\"post-format format-\"> <\/div>\n                                        <\/a>\n                                    <\/div>\n                                <\/header>\n                            \n                                                                                        <footer class=\"entry-meta aux-after-content\">\n                                                                        <div class=\"readmore\">\n                                        <a href=\"https:\/\/www.sokevolkswagenservis.com\/?p=286\" class=\"aux-read-more\"><span class=\"aux-read-more-text\">Read More<\/span><\/a>\n                                    <\/div>\n                                                                        <div class=\"comments-iconic\">\n                                                                            <\/div>\n                                                                    <\/footer>\n                            \n                            <\/div>\n\n                        <\/article>\n<\/div><\/div><\/section><!-- widget-container -->\t\t\t\t<\/div>\n\t\t\t\t<\/div>\n\t\t\t\t<\/div>\n\t\t\t\t\t<\/div>\n\t\t\t\t<\/div>\n\t\t\t\t<\/div>\n\t\t","protected":false},"excerpt":{"rendered":"<p>BLOG Ara\u00e7 Bak\u0131m\u0131yla \u0130lgili Bilmeniz Gereken Her \u015eey Arac\u0131n\u0131zla ilgili do\u011fru bilgiye ula\u015fmak, bak\u0131m s\u00fcrecinizi kolayla\u015ft\u0131r\u0131r ve olas\u0131 sorunlar\u0131n \u00f6n\u00fcne ge\u00e7er. Bu b\u00f6l\u00fcmde, en s\u0131k kar\u015f\u0131la\u015f\u0131lan durumlar i\u00e7in pratik ipu\u00e7lar\u0131, \u00f6neriler ve dikkat edilmesi gereken \u00f6nemli detaylar\u0131 payla\u015f\u0131yoruz. Yola \u00e7\u0131kmadan \u00f6nce g\u00f6z atmay\u0131 unutmay\u0131n. 19 Temmuz 2025 by admin | Edit G\u00f6sterge Panelindeki I\u015f\u0131klar Ne [&hellip;]<\/p>\n","protected":false},"author":1,"featured_media":0,"parent":0,"menu_order":0,"comment_status":"closed","ping_status":"closed","template":"templates\/page-builder-content.php","meta":{"footnotes":""},"class_list":["post-292","page","type-page","status-publish","hentry"],"_links":{"self":[{"href":"https:\/\/www.sokevolkswagenservis.com\/index.php?rest_route=\/wp\/v2\/pages\/292","targetHints":{"allow":["GET"]}}],"collection":[{"href":"https:\/\/www.sokevolkswagenservis.com\/index.php?rest_route=\/wp\/v2\/pages"}],"about":[{"href":"https:\/\/www.sokevolkswagenservis.com\/index.php?rest_route=\/wp\/v2\/types\/page"}],"author":[{"embeddable":true,"href":"https:\/\/www.sokevolkswagenservis.com\/index.php?rest_route=\/wp\/v2\/users\/1"}],"replies":[{"embeddable":true,"href":"https:\/\/www.sokevolkswagenservis.com\/index.php?rest_route=%2Fwp%2Fv2%2Fcomments&post=292"}],"version-history":[{"count":3,"href":"https:\/\/www.sokevolkswagenservis.com\/index.php?rest_route=\/wp\/v2\/pages\/292\/revisions"}],"predecessor-version":[{"id":428,"href":"https:\/\/www.sokevolkswagenservis.com\/index.php?rest_route=\/wp\/v2\/pages\/292\/revisions\/428"}],"wp:attachment":[{"href":"https:\/\/www.sokevolkswagenservis.com\/index.php?rest_route=%2Fwp%2Fv2%2Fmedia&parent=292"}],"curies":[{"name":"wp","href":"https:\/\/api.w.org\/{rel}","templated":true}]}}